{"id":57,"date":"2019-02-04T18:30:11","date_gmt":"2019-02-04T18:30:11","guid":{"rendered":"http:\/\/foerderverein-gs-weissensee.de\/?page_id=57"},"modified":"2019-02-04T18:31:27","modified_gmt":"2019-02-04T18:31:27","slug":"satzung","status":"publish","type":"page","link":"https:\/\/foerderverein-gs-weissensee.de\/?page_id=57","title":{"rendered":"Satzung"},"content":{"rendered":"\n<h2 class=\"wp-block-heading\">F\u00f6rderverein der Traumzauberbaum\nGrundschule Wei\u00dfensee<\/h2>\n\n\n\n<p>Beschlossen auf der Gr\u00fcndungsversammlung\nam 08.05.2017<\/p>\n\n\n\n<p><strong>\u00a7 1&nbsp;&nbsp;&nbsp;&nbsp;&nbsp;&nbsp; Name, Sitz, Gesch\u00e4ftsjahr<\/strong><\/p>\n\n\n\n<ol><li>Der Verein tr\u00e4gt den Namen F\u00f6rderverein\nder Traumzauberbaum Grundschule Wei\u00dfensee und soll ins Vereinsregister\neingetragen werden. Nach der Eintragung f\u00fchrt er den Zusatz e.V.<\/li><li>Der Verein hat seinen Sitz in 99631\nWei\u00dfensee.<\/li><li>Gesch\u00e4ftsjahr ist das Kalenderjahr.<\/li><\/ol>\n\n\n\n<p><strong>\u00a7 2&nbsp;&nbsp;&nbsp;&nbsp;&nbsp;&nbsp; Ziel und Zweck des Vereins<\/strong><\/p>\n\n\n\n<ol><li>Zweck des Vereins ist die ideelle und\nmaterielle F\u00f6rderung und Unterst\u00fctzung der Traumzauberbaum Grundschule in\nWei\u00dfensee im schulischen und au\u00dferschulischen Bereich.<\/li><li>Der Zweck ist unter anderem erf\u00fcllt\ndurch:<ol><li>Unterst\u00fctzung bei Veranstaltungen<\/li><\/ol><ol><li>Zusammenarbeit mit gemeinn\u00fctzigen\nK\u00f6rperschaften, Verb\u00e4nden, Organisationen, Vereinen, sowie \u00f6ffentlich-\nrechtlichen Tr\u00e4gern<\/li><\/ol><ol><li>Unterst\u00fctzung von Klassen- und\nGruppenfahrten<\/li><\/ol><ol><li>Durchf\u00fchrung und Beteiligung von\/ an\nProjekten<\/li><\/ol><ol><li>Unterst\u00fctzung bei der Beschaffung von\nLehr-, Lern-, und Anschauungsmaterial, sowie Ausstattungsgegenst\u00e4nden<\/li><\/ol><\/li><li>Grunds\u00e4tzlich werden durch die Arbeit\ndes Vereins Bildungs-, Erziehungs-, kulturelle, k\u00fcnstlerische und sportliche\nZiele verfolgt.<\/li><li>Der Verein organisiert in Zusammenarbeit\nmit der Schule und dem Hort eine aktive \u00d6ffentlichkeitsarbeit und f\u00fchrt unter\nanderem Informationsaktivit\u00e4ten durch.<\/li><\/ol>\n\n\n\n<p><strong>\u00a7 3&nbsp;&nbsp;&nbsp;&nbsp;&nbsp;&nbsp; Gemeinn\u00fctzigkeit&nbsp;&nbsp;&nbsp;&nbsp;&nbsp;&nbsp;&nbsp;&nbsp;&nbsp;&nbsp;&nbsp;&nbsp;&nbsp;&nbsp;&nbsp;&nbsp;&nbsp;&nbsp;&nbsp;&nbsp;&nbsp;&nbsp;&nbsp;&nbsp;&nbsp;&nbsp;&nbsp;&nbsp;&nbsp;&nbsp;&nbsp;&nbsp;&nbsp;&nbsp;&nbsp;&nbsp;&nbsp;&nbsp;&nbsp;&nbsp;&nbsp;&nbsp;&nbsp;&nbsp;&nbsp;&nbsp;&nbsp;&nbsp;&nbsp;&nbsp;&nbsp;&nbsp;&nbsp;&nbsp;&nbsp;&nbsp;&nbsp;&nbsp;&nbsp;&nbsp;&nbsp;&nbsp;&nbsp;&nbsp;&nbsp;&nbsp;&nbsp;&nbsp;&nbsp;&nbsp;&nbsp;&nbsp;&nbsp;&nbsp;&nbsp;&nbsp;&nbsp;&nbsp;&nbsp;&nbsp;&nbsp;&nbsp;&nbsp;&nbsp;&nbsp;&nbsp;&nbsp;&nbsp; <\/strong><\/p>\n\n\n\n<ol><li>Der Verein verfolgt ausschlie\u00dflich\nund unmittelbar gemeinn\u00fctzige Zwecke im Sinne des Abschnitts \u201eSteuerbeg\u00fcnstigte\nZwecke\u201c der Abgabenordnung. Er ist selbstlos t\u00e4tig und verfolgt nicht in erster\nLinie eigenwirtschaftliche Zwecke.<\/li><li>Mittel des Vereins d\u00fcrfen nur f\u00fcr die\nsatzungsgem\u00e4\u00dfen Zwecke verwendet werden. Die Mittel zum Erreichen dieser Zwecke\nwerden durch Mitgliedsbeitr\u00e4ge, Spenden und sonstige Einnahmen (z.B.\nSachleistungen) aufgebracht. Es darf keine Person durch Ausgaben, die dem Zweck\ndes Vereins fremd sind oder durch unverh\u00e4ltnism\u00e4\u00dfig hohe Verg\u00fctungen beg\u00fcnstigt\nwerden. Die Mitglieder erhalten keine Zuwendungen aus Mitteln des Vereins.<\/li><li>Die Ausgaben des Vorstandes und des erweiterten\nVorstandes zur Erledigung der satzungsgem\u00e4\u00dfen\nAufgaben werden gegen Beleg aus den Mitteln des Vereins erstattet.<\/li><\/ol>\n\n\n\n<p><strong>\u00a7 4&nbsp;&nbsp;&nbsp;&nbsp;&nbsp;&nbsp; Mitgliedschaft<\/strong><\/p>\n\n\n\n<ol><li>Mitglieder des Vereins k\u00f6nnen nat\u00fcrliche\noder juristische Personen oder Personenvereinigungen werden, die seine Ziele\nunterst\u00fctzen und die mindestens das 18. Lebensjahr vollendet haben.<\/li><li>Eine beitragsfreie\nEhrenmitgliedschaft f\u00fcr nat\u00fcrliche Personen,&nbsp;\njuristische Personen und Personenvereinigungen, die sich in besonderer\nWeise f\u00fcr den Verein verdient gemacht haben, kann vom Vorstand beschlossen und\njederzeit ohne Begr\u00fcndung entzogen werden.<\/li><li>Die Mitgliedschaft im Verein wird\nerworben durch einen schriftlichen Aufnahmeantrag gegen\u00fcber dem Vorstand und\nbedarf dessen schriftliche Zustimmung. Eine Ablehnung des Antrags braucht nicht\nbegr\u00fcndet werden.<\/li><li>Die Mitgliedschaft endet durch:<ol><li>Austritt, der vom Mitglied\nschriftlich und unter Angabe eines Zeitpunktes gegen\u00fcber dem Vorstand erkl\u00e4rt\nwerden muss<\/li><\/ol><ol><li>Tod des Mitglieds oder Aufl\u00f6sung der\njuristischen Person<\/li><\/ol><ol><li>Ausschluss aus wichtigem Grund.\nDar\u00fcber entscheidet der Vorstand durch Beschluss. Ein wichtiger Grund liegt\ninsbesondere dann vor, wenn ein Mitglied einen schweren Versto\u00df gegen den Zweck\ndes Vereins begeht, dessen Ansehen sch\u00e4digt oder mit der Zahlung von mehr als\neinem Jahresbeitrag im R\u00fcckstand ist. Der Beschluss des Vorstandes ist dem\nMitglied schriftlich mitzuteilen.<\/li><\/ol><\/li><li>Im Falle des Ausscheidens besteht\nkein Anspruch auf anteilige Erstattung des entrichteten Jahresbeitrages.<\/li><\/ol>\n\n\n\n<p><strong>\u00a7 5&nbsp;&nbsp;&nbsp;&nbsp;&nbsp;&nbsp; Organe des Vereins<\/strong><\/p>\n\n\n\n<p>&nbsp;&nbsp;&nbsp;&nbsp;&nbsp;&nbsp;&nbsp;&nbsp;&nbsp;&nbsp;&nbsp; Organe des\nVereins sind:<\/p>\n\n\n\n<ol><li>Die Mitgliederversammlung<\/li><li>Der Vorstand<\/li><li>Der erweiterte Vorstand<\/li><\/ol>\n\n\n\n<p><strong>\u00a7 6&nbsp;&nbsp;&nbsp;&nbsp;&nbsp;&nbsp; Die Mitgliederversammlung<\/strong><\/p>\n\n\n\n<ol><li>Oberstes Organ ist die Mitgliederversammlung,\ndie mindestens einmal pro Jahr durchzuf\u00fchren ist.<ol><li>Die Einladungen erhalten die\nMitglieder in Textform (z.B.: per Mail oder Briefpost) zwei Wochen vor der\nMitgliederversammlung unter Angabe der Tagesordnung.<\/li><\/ol><ol><li>Antr\u00e4ge zur Tagesordnung sind\nsp\u00e4testens eine Woche vor der Mitgliederversammlung schriftlich beim Vorstand\neinzureichen.<\/li><\/ol><ol><li>Eine au\u00dferordentliche\nMitgliederversammlung ist vom Vorstand einzuberufen, wenn mindestens ein\nDrittel der Mitglieder dieses schriftlich und unter Angabe des Grundes beantragt.<\/li><\/ol><\/li><li>Die Mitgliederversammlung wird von der\/\ndem Vorsitzenden oder einem anderen Mitglied des Vorstandes geleitet.<ol><li>Jede ordnungsgem\u00e4\u00df einberufene\nMitgliederversammlung ist beschlussf\u00e4hig.<\/li><\/ol><ol><li>Beschl\u00fcsse werden mit einfacher\nMehrheit der abgegebenen g\u00fcltigen Stimmen gefasst. Bei Stimmengleichheit entscheidet\nder Vorstand im Sinne des Vereinszwecks.<\/li><\/ol><\/li><li>Zu den Aufgaben der\nMitgliederversammlung geh\u00f6ren insbesondere:<ol><li>Entgegennahme der Berichte des\nVorstandes und der Kassenpr\u00fcfung<\/li><\/ol><ol><li>Entlastung des Vorstandes<\/li><\/ol><ol><li>Wahl des Vorstandes<\/li><\/ol><ol><li>Wahl der Kassenpr\u00fcfer\/ innen<\/li><\/ol><ol><li>Festlegung der Mindesth\u00f6he des\nMitgliedsbeitrages<\/li><\/ol><ol><li>\u00c4nderung der Satzung (Ausnahme \u00a711\nAbs. 3)<\/li><\/ol><\/li><li>\u00dcber die Mitgliederversammlung und\nderen Beschl\u00fcsse ist ein Protokoll anzufertigen, welches von der\nProtokollf\u00fchrung zu unterschreiben und von der Versammlungsleitung\ngegenzuzeichnen ist.<\/li><\/ol>\n\n\n\n<p><strong>\u00a7 7&nbsp;&nbsp;&nbsp;&nbsp;&nbsp;&nbsp; Mitgliedsbeitr\u00e4ge<\/strong><\/p>\n\n\n\n<ol><li>Es werden von den Mitgliedern\nJahresbeitr\u00e4ge erhoben, deren Mindesth\u00f6he die Mitgliederversammlung festsetzt.<\/li><li>Der Jahresbeitrag ist f\u00fcr das\njeweilige Kalenderjahr bis sp\u00e4testens 31. M\u00e4rz zu entrichten.<\/li><\/ol>\n\n\n\n<p><strong>\u00a7 8 &nbsp;&nbsp;&nbsp;&nbsp;&nbsp; Der Vorstand<\/strong><\/p>\n\n\n\n<ol><li>Der Vorstand des Vereins setzt sich\nwie folgt zusammen:<ol><li>Vorsitzende\/ r&nbsp;&nbsp;&nbsp;&nbsp;&nbsp;&nbsp;&nbsp;&nbsp;&nbsp;&nbsp;&nbsp;&nbsp;&nbsp;&nbsp;&nbsp;&nbsp;&nbsp;&nbsp;&nbsp;&nbsp;&nbsp;&nbsp;&nbsp;&nbsp;&nbsp;&nbsp;&nbsp;&nbsp;&nbsp;&nbsp;&nbsp;&nbsp;&nbsp;&nbsp;&nbsp;&nbsp;&nbsp;&nbsp;&nbsp;&nbsp; (Vorstand im Sinne des \u00a726\nBGB)<\/li><\/ol><ol><li>Stellvertretende\/ r Vorsitzende\/ r&nbsp;&nbsp;&nbsp;&nbsp;&nbsp;&nbsp;&nbsp;&nbsp;&nbsp; (Vorstand im Sinne des \u00a726 BGB)<\/li><\/ol><ol><li>Schatzmeister\/ in&nbsp;&nbsp;&nbsp;&nbsp;&nbsp;&nbsp;&nbsp;&nbsp;&nbsp;&nbsp;&nbsp;&nbsp;&nbsp;&nbsp;&nbsp;&nbsp;&nbsp;&nbsp;&nbsp;&nbsp;&nbsp;&nbsp;&nbsp;&nbsp;&nbsp;&nbsp;&nbsp;&nbsp;&nbsp;&nbsp;&nbsp;&nbsp;&nbsp;&nbsp;&nbsp; (Vorstand im\nSinne des \u00a726 BGB)<\/li><\/ol><\/li><li>Vorstandsmitglieder im Sinne des \u00a726\nBGB k\u00f6nnen den Verein gerichtlich und au\u00dfergerichtlich jeweils zu zweit\nvertreten.<\/li><li>Aus Praktikabilit\u00e4tsgr\u00fcnden und zur\nNutzung von Online- Banking d\u00fcrfen die \u00fcblichen Bankgesch\u00e4fte wie Ein- und\nAuszahlungen, \u00dcberweisungen, Lastschriftverfahren etc. von jedem\nVorstandsmitglied einzeln get\u00e4tigt werden.<\/li><li>Die einzelnen Mitglieder des\nVorstandes werden jeweils f\u00fcr zwei Jahre von der Mitgliederversammlung gew\u00e4hlt\nund bleiben bis zur Neuwahl im Amt. Jedes Vorstandsmitglied ist einzeln zu\nw\u00e4hlen. Scheidet ein Mitglied des Vorstandes w\u00e4hrend der Amtsperiode aus, so\nkann der Vorstand ein Ersatzmitglied bis zur n\u00e4chsten Mitgliederversammlung\nbenennen. Zu Vorstandsmitgliedern k\u00f6nnen nur Mitglieder des Vereins werden. Mit\nder Beendigung der Mitgliedschaft im Verein endet auch das Amt eines\nVorstandsmitglieds.<\/li><li>Dem Vorstand obliegt die F\u00fchrung der\nlaufenden Gesch\u00e4fte einschlie\u00dflich der Beschlussfassung \u00fcber die Verwendung der\nMittel. Er hat insbesondere folgende Aufgaben:<ol><li>Vorbereitung und Einberufung der\nMitgliederversammlung sowie Aufstellung der Tagesordnung.<\/li><\/ol><ol><li>Ausf\u00fchrung von Beschl\u00fcssen der\nMitgliederversammlung.<\/li><\/ol><ol><li>Vorbereitung des Haushaltsplans,\nBuchf\u00fchrung, Erstellung des Jahresberichts.<\/li><\/ol><\/li><li>Der Vorstand ist beschlussf\u00e4hig, wenn\nmindestens die H\u00e4lfte der Vorstandsmitglieder an der Sitzung teilnimmt.\nBeschl\u00fcsse werden mit einfacher Mehrheit gefasst. Bei Stimmengleichheit\nentscheidet die Stimme der\/ des Vorsitzenden. Von den Vorstandssitzungen ist\nein Protokoll anzufertigen.<\/li><li>Beschl\u00fcsse k\u00f6nnen auch in Textform im\nUmlaufverfahren gefasst werden.<\/li><\/ol>\n\n\n\n<p><strong>\u00a7 9 Der erweiterte\nVorstand<\/strong><\/p>\n\n\n\n<ol><li>Der Erweiterte Vorstand besteht aus\ndem Vorstand und bis zu 5 Beisitzern, die bei Bedarf berufen werden k\u00f6nnen.<\/li><li>Die Beisitzer\/ innen werden vom Vorstand\nf\u00fcr jeweils zwei Jahre bestellt und sind von der Mitgliederversammlung zu\nbest\u00e4tigen. Eine Bestellung ist jederzeit widerrufbar. Die\nMitgliederversammlung kann Beisitzer\/ innen vorschlagen.<\/li><li>Die Beisitzer\/ innen werden vom\nVorstand mit Aufgaben betraut. Sie k\u00f6nnen zu den Sitzungen des Vorstandes\neingeladen werden und an ihnen mit beratender Stimme teilnehmen.<\/li><\/ol>\n\n\n\n<p><strong>\u00a7 10&nbsp;&nbsp;&nbsp;&nbsp; Kassenpr\u00fcfer\/ innen<\/strong><\/p>\n\n\n\n<ol><li>Die\nKasse und die Rechnungslegung des Vereins werden mindestens einmal im Jahr von\nmindestens zwei Personen gepr\u00fcft, die hierzu von der Mitgliederversammlung f\u00fcr\njeweils ein Gesch\u00e4ftsjahr zu w\u00e4hlen sind. Die Kassenpr\u00fcfer\/ innen d\u00fcrfen weder\nMitglieder des Vorstandes (gem\u00e4\u00df \u00a7 8 der Satzung) noch Angestellte des Vereins\nsein.<\/li><li>Sie\nerstatten in der dem Gesch\u00e4ftsjahr folgenden Mitgliederversammlung Bericht und\nempfehlen bei ordnungsgem\u00e4\u00dfer Kassenf\u00fchrung der Mitgliederversammlung die\nEntlastung des Vorstandes.<\/li><\/ol>\n\n\n\n<p><strong>\u00a7<\/strong><strong> 11&nbsp;&nbsp;&nbsp;&nbsp; Satzungs\u00e4nderungen<\/strong><\/p>\n\n\n\n<ol><li>Eine\nSatzungs\u00e4nderung kann nur beschlossen werden, wenn sie bei der Einberufung der\nMitgliederversammlung als Tagesordnungspunkt gesondert aufgef\u00fchrt ist.<\/li><li>Eine\nSatzungs\u00e4nderung bedarf einer Zwei- Drittel- Mehrheit der abgegebenen g\u00fcltigen\nStimmen der Mitgliederversammlung.<\/li><li>\u00c4nderungen\noder Erg\u00e4nzungen der Satzung aufgrund einer Auflage des Finanzamts oder des\nRegistergerichts k\u00f6nnen vom Vorstand beschlossen werden. Sie sind auf der\nn\u00e4chsten Mitgliederversammlung mitzuteilen.<\/li><\/ol>\n\n\n\n<p><strong>\u00a7\n12&nbsp;&nbsp;&nbsp;&nbsp; Haftung<\/strong><\/p>\n\n\n\n<ol><li>Der\nVerein haftet gegen\u00fcber seinen Mitgliedern nicht f\u00fcr Sach- oder\nPersonensch\u00e4den, die bei der Ausf\u00fchrung von T\u00e4tigkeiten entstehen, die auf die\nErf\u00fcllung des Vereinszwecks gerichtet sind.<\/li><\/ol>\n\n\n\n<p><strong>\u00a7\n13&nbsp;&nbsp;&nbsp;&nbsp; Aufl\u00f6sung des Vereins<\/strong><\/p>\n\n\n\n<ol><li>Die\nAufl\u00f6sung des Vereins kann von einer zu diesem Zweck einberufenen\nau\u00dferordentlichen Mitgliederversammlung mit Drei- Viertel- Mehrheit der\nabgegebenen g\u00fcltigen Stimmen beschlossen werden.<\/li><li>Die\nAufl\u00f6sung des Vereins kann im besonderen Fall durch einstimmigen Beschluss des\nerweiterten Vorstands beschlossen werden.<\/li><li>Falls\ndie Mitgliederversammlung nichts anderes beschlie\u00dft, sind die\/ der Vorsitzende\nund die\/ der stellvertretende Vorsitzende gemeinsam vertretungsberechtigte\nLiquidatoren.<\/li><li>Bei\nAufl\u00f6sung des Vereins oder bei Wegfall der steuerbeg\u00fcnstigten Zwecke f\u00e4llt das\ngesamte Verm\u00f6gen des Vereins an den Tr\u00e4ger der Traumzauberbaum Grundschule, der\nes unmittelbar und ausschlie\u00dflich f\u00fcr gemeinn\u00fctzige Zwecke im Sinne des\nVereinszwecks zu verwenden hat. <\/li><li>Die\nvorstehenden Bestimmungen gelten entsprechend, wenn der Verein aus einem\nanderen Grund aufgel\u00f6st wird oder seine Rechtsf\u00e4higkeit verliert.<\/li><\/ol>\n\n\n\n<p>Die Gr\u00fcndungsmitglieder des\nVereins zeichnen wie folgt:<br>\n<br>\nElisabeth Adam:<\/p>\n\n\n\n<p>Claudia Degener:<\/p>\n\n\n\n<p>Constance Habermann:<\/p>\n\n\n\n<p>Karin Krietzsch:<\/p>\n\n\n\n<p>Nadine Papesch:<\/p>\n\n\n\n<p>Stephanie Rohrig:<\/p>\n\n\n\n<p>Antje Scheinpflug:<\/p>\n\n\n\n<p>Svenja Szygulla:<\/p>\n\n\n\n<p>Susanne Ziernberg:<\/p>\n","protected":false},"excerpt":{"rendered":"<p>F\u00f6rderverein der Traumzauberbaum Grundschule Wei\u00dfensee Beschlossen auf der Gr\u00fcndungsversammlung am 08.05.2017 \u00a7 1&nbsp;&nbsp;&nbsp;&nbsp;&nbsp;&nbsp; Name, Sitz, Gesch\u00e4ftsjahr Der Verein tr\u00e4gt den Namen F\u00f6rderverein der Traumzauberbaum Grundschule Wei\u00dfensee und soll ins Vereinsregister eingetragen werden. Nach der Eintragung f\u00fchrt er den Zusatz e.V. Der Verein hat seinen Sitz in 99631 Wei\u00dfensee. Gesch\u00e4ftsjahr ist das Kalenderjahr. \u00a7 2&nbsp;&nbsp;&nbsp;&nbsp;&nbsp;&nbsp; Ziel &hellip; <\/p>\n<p class=\"link-more\"><a href=\"https:\/\/foerderverein-gs-weissensee.de\/?page_id=57\" class=\"more-link\"><span class=\"screen-reader-text\">\u201eSatzung\u201c<\/span> weiterlesen<\/a><\/p>\n","protected":false},"author":1,"featured_media":0,"parent":0,"menu_order":0,"comment_status":"closed","ping_status":"closed","template":"","meta":[],"_links":{"self":[{"href":"https:\/\/foerderverein-gs-weissensee.de\/index.php?rest_route=\/wp\/v2\/pages\/57"}],"collection":[{"href":"https:\/\/foerderverein-gs-weissensee.de\/index.php?rest_route=\/wp\/v2\/pages"}],"about":[{"href":"https:\/\/foerderverein-gs-weissensee.de\/index.php?rest_route=\/wp\/v2\/types\/page"}],"author":[{"embeddable":true,"href":"https:\/\/foerderverein-gs-weissensee.de\/index.php?rest_route=\/wp\/v2\/users\/1"}],"replies":[{"embeddable":true,"href":"https:\/\/foerderverein-gs-weissensee.de\/index.php?rest_route=%2Fwp%2Fv2%2Fcomments&post=57"}],"version-history":[{"count":2,"href":"https:\/\/foerderverein-gs-weissensee.de\/index.php?rest_route=\/wp\/v2\/pages\/57\/revisions"}],"predecessor-version":[{"id":62,"href":"https:\/\/foerderverein-gs-weissensee.de\/index.php?rest_route=\/wp\/v2\/pages\/57\/revisions\/62"}],"wp:attachment":[{"href":"https:\/\/foerderverein-gs-weissensee.de\/index.php?rest_route=%2Fwp%2Fv2%2Fmedia&parent=57"}],"curies":[{"name":"wp","href":"https:\/\/api.w.org\/{rel}","templated":true}]}}